{"id":2198,"date":"2019-10-08T11:21:09","date_gmt":"2019-10-08T09:21:09","guid":{"rendered":"https:\/\/leitmotif.qodeinteractive.com\/?page_id=2198"},"modified":"2020-07-07T10:58:11","modified_gmt":"2020-07-07T08:58:11","slug":"chi-siamo","status":"publish","type":"page","link":"https:\/\/appmovie.it\/index.php\/chi-siamo\/","title":{"rendered":"Chi siamo"},"content":{"rendered":"<p>[vc_row][vc_column][vc_empty_space height=&#8221;160px&#8221;][vc_column_text]<\/p>\r\n<h3 style=\"text-align: center;\">Chi siamo.<\/h3>\r\n<p>[\/vc_column_text][vc_row_inner row_content_width=&#8221;grid&#8221; css=&#8221;.vc_custom_1570534043489{padding-top: 100px !important;padding-bottom: 135px !important;}&#8221;][vc_column_inner]<div class=\"edgtf-elements-holder   edgtf-two-columns  edgtf-responsive-mode-768 edgtf-one-column-alignment-center\" ><div class=\"edgtf-eh-item    \"  data-item-class=\"edgtf-eh-custom-8850\">\n\t<div class=\"edgtf-eh-item-inner\">\n\t\t<div class=\"edgtf-eh-item-content edgtf-eh-custom-8850\" >\n\t\t\t[vc_column_text]<\/p>\r\n<h4>La Storia<\/h4>\r\n<p>&nbsp;<\/p>\r\n<p>App Movie \u00e8 la societ\u00e0 del Gruppo CM PARTNERS, specializzata nella <strong>PRODUZIONE TELEVISIVA\u00a0 E CINEMATOGRAFICA<\/strong>.<\/p>\r\n<p>Con oltre trent&#8217;anni di esperienza abbiamo sostenuto numerose realt\u00e0 della televisione italiana, collaborando e producendo programmi per le maggiori emittenti televisive. La nostra forza \u00e8 la capacit\u00e0 di evolverci in base ai cambiamenti della societ\u00e0, delle tecnologie e delle richieste.<\/p>\r\n<p><!-- \/wp:paragraph -->\r\n\r\n<!-- wp:paragraph -->La struttura organizzativa di App Movie \u00e8<strong> in grado di rispondere a qualsiasi esigenza produttiva<\/strong>, sia in studio che in esterno.<\/p>\r\n<p><!-- \/wp:paragraph -->[\/vc_column_text]\t\t<\/div>\n\t<\/div>\n<\/div><div class=\"edgtf-eh-item  edgtf-vertical-alignment-top  \"  data-item-class=\"edgtf-eh-custom-5732\" data-769-1024=\"0 0 30px 0\" data-681-768=\"0 0 30px 0\" data-680=\"0 0 30px 0\">\n\t<div class=\"edgtf-eh-item-inner\">\n\t\t<div class=\"edgtf-eh-item-content edgtf-eh-custom-5732\" style=\"padding: 0 20px 0 31px\">\n\t\t\t[vc_column_text]<\/p>\r\n<h4>Cosa Facciamo<\/h4>\r\n<p>&nbsp;<\/p>\r\n<p><strong>Mezzi tecnologici di primissimo livello<\/strong> e <strong>professionalit\u00e0 dello staff\u00a0 che vanta esperienza trentennale <\/strong>sono i punti di forza di App Movie, che consentono di gestire ogni aspetto della produzione: dalla realizzazione delle riprese audio\/video al montaggio e alla trasmissione dei segnali alle principali emittenti nazionali ed internazionali o sul web, in diretta streaming, fino alla organizzazione produzione e distribuzione di film e trasmissioni.<\/p>\r\n<p>[\/vc_column_text]\t\t<\/div>\n\t<\/div>\n<\/div><\/div>[\/vc_column_inner][\/vc_row_inner][\/vc_column][\/vc_row][vc_row][vc_column]<div class=\"edgtf-elements-holder   edgtf-one-column  edgtf-responsive-mode-768 \" ><div class=\"edgtf-eh-item   edgtf-horizontal-alignment-center \"  data-item-class=\"edgtf-eh-custom-4459\">\n\t<div class=\"edgtf-eh-item-inner\">\n\t\t<div class=\"edgtf-eh-item-content edgtf-eh-custom-4459\" style=\"padding: 0px 20px 0px 31px\">\n\t\t\t[vc_column_text css=&#8221;.vc_custom_1594112289846{padding-right: 200px !important;padding-left: 200px !important;}&#8221;]<\/p>\r\n<h4 style=\"text-align: center;\"><strong>Gli Studi<\/strong><\/h4>\r\n<p style=\"text-align: center;\">Con oltre <strong>2.000 mq di superficie attrezzata e suddivisa in 7 studi<\/strong> di registrazione distribuiti tra Padova e Milano, un parco mezzi composto da regie mobili, uplink e unit\u00e0 d&#8217;appoggio dotate di attrezzature e strumentazioni tecnologicamente avanzate, App Movie \u00e8 un punto di riferimento per le pi\u00f9 importanti produzioni televisive.<\/p>\r\n<p>[\/vc_column_text]\t\t<\/div>\n\t<\/div>\n<\/div><\/div>[vc_empty_space height=&#8221;100px&#8221;][\/vc_column][\/vc_row][vc_row][vc_column][vc_column_text]<\/p>\r\n<h3 style=\"text-align: center;\">Il team.<\/h3>\r\n<p>[\/vc_column_text][vc_empty_space height=&#8221;50px&#8221;][\/vc_column][\/vc_row][vc_row full_width=&#8221;stretch_row_content&#8221;][vc_column width=&#8221;1\/3&#8243; css=&#8221;.vc_custom_1592047839104{padding-left: 40px !important;}&#8221;]<div class=\"edgtf-team-holder edgtf-team-info-on-image\">\n\t<div class=\"edgtf-team-inner\">\n\t\t\t\t\t<div class=\"edgtf-team-image\">\n                <img loading=\"lazy\" decoding=\"async\" width=\"584\" height=\"816\" src=\"https:\/\/appmovie.it\/wp-content\/uploads\/2020\/05\/mario-chiavalin.jpg\" class=\"attachment-full size-full\" alt=\"\" srcset=\"https:\/\/appmovie.it\/wp-content\/uploads\/2020\/05\/mario-chiavalin.jpg 584w, https:\/\/appmovie.it\/wp-content\/uploads\/2020\/05\/mario-chiavalin-215x300.jpg 215w\" sizes=\"auto, (max-width: 584px) 100vw, 584px\" \/>\t\t\t\t<div class=\"edgtf-team-social-wrapper\">\n\t\t\t\t\t<div class=\"edgtf-team-social-outer\">\n\t\t\t\t\t\t<div class=\"edgtf-team-social-inner\">\n                                                            <p class=\"edgtf-team-position\" >Founder<\/p>\n                            \t\t\t\t\t\t\t\t\t\t\t\t\t\t\t<h3 class=\"edgtf-team-name\" >Mario Chiavalin<\/h3>\n\t\t\t\t\t\t\t\t\t\t\t\t\t\t                            \t\t\t\t\t\t\t\t\t\t\t\t\t\t\t<div class=\"edgtf-team-social-holder\">\n\t\t\t\t\t\t\t\t\t\t\t\t\t\t\t\t\t\t\t<span class=\"edgtf-team-icon\">    <span class=\"edgtf-icon-shortcode edgtf-normal   \">\n                    <a class=\"\" href=\"https:\/\/www.facebook.com\/mario.chiavalin\" target=\"_self\">\n                    <i class=\"edgtf-icon-font-awesome fab fa-facebook edgtf-icon-element\"><\/i>                    <\/a>\n            <\/span>\n<\/span>\n\t\t\t\t\t\t\t\t\t\t\t\t\t\t\t\t\t\t\t<span class=\"edgtf-team-icon\">    <span class=\"edgtf-icon-shortcode edgtf-normal   \">\n                    <a class=\"\" href=\"https:\/\/www.linkedin.com\/in\/mario-chiavalin-6b6b4544\/\" target=\"_self\">\n                    <i class=\"edgtf-icon-font-awesome fab fa-linkedin edgtf-icon-element\"><\/i>                    <\/a>\n            <\/span>\n<\/span>\n\t\t\t\t\t\t\t\t\t\t\t\t\t\t\t\t\t<\/div>\n\t\t\t\t\t\t\t                            \t\t\t\t\t\t<\/div>\n\t\t\t\t\t<\/div>\n\t\t\t\t<\/div>\n\t\t\t<\/div>\n\n\t\t\t<\/div>\n<\/div>[\/vc_column][vc_column width=&#8221;1\/3&#8243;]<div class=\"edgtf-team-holder edgtf-team-info-on-image\">\n\t<div class=\"edgtf-team-inner\">\n\t\t\t\t\t<div class=\"edgtf-team-image\">\n                <img loading=\"lazy\" decoding=\"async\" width=\"1440\" height=\"1800\" src=\"https:\/\/appmovie.it\/wp-content\/uploads\/2020\/07\/105902491_2570936113236021_4047887330918475_o-1.jpg\" class=\"attachment-full size-full\" alt=\"\" srcset=\"https:\/\/appmovie.it\/wp-content\/uploads\/2020\/07\/105902491_2570936113236021_4047887330918475_o-1.jpg 1440w, https:\/\/appmovie.it\/wp-content\/uploads\/2020\/07\/105902491_2570936113236021_4047887330918475_o-1-240x300.jpg 240w, https:\/\/appmovie.it\/wp-content\/uploads\/2020\/07\/105902491_2570936113236021_4047887330918475_o-1-819x1024.jpg 819w, https:\/\/appmovie.it\/wp-content\/uploads\/2020\/07\/105902491_2570936113236021_4047887330918475_o-1-768x960.jpg 768w, https:\/\/appmovie.it\/wp-content\/uploads\/2020\/07\/105902491_2570936113236021_4047887330918475_o-1-1229x1536.jpg 1229w\" sizes=\"auto, (max-width: 1440px) 100vw, 1440px\" \/>\t\t\t\t<div class=\"edgtf-team-social-wrapper\">\n\t\t\t\t\t<div class=\"edgtf-team-social-outer\">\n\t\t\t\t\t\t<div class=\"edgtf-team-social-inner\">\n                            \t\t\t\t\t\t\t\t\t\t\t\t\t\t\t<h3 class=\"edgtf-team-name\" >Elena Novelletto<\/h3>\n\t\t\t\t\t\t\t\t\t\t\t\t\t\t                            \t\t\t\t\t\t\t\t\t\t\t\t\t\t\t<div class=\"edgtf-team-social-holder\">\n\t\t\t\t\t\t\t\t\t\t\t\t\t\t\t\t\t\t\t<span class=\"edgtf-team-icon\">    <span class=\"edgtf-icon-shortcode edgtf-normal   \">\n                    <a class=\"\" href=\"https:\/\/www.facebook.com\/elena.novelletto.5\" target=\"_self\">\n                    <i class=\"edgtf-icon-font-awesome fab fa-facebook edgtf-icon-element\"><\/i>                    <\/a>\n            <\/span>\n<\/span>\n\t\t\t\t\t\t\t\t\t\t\t\t\t\t\t\t\t\t\t<span class=\"edgtf-team-icon\">    <span class=\"edgtf-icon-shortcode edgtf-normal   \">\n                    <a class=\"\" href=\"https:\/\/www.linkedin.com\/in\/elena-novelletto-723179178\/\" target=\"_self\">\n                    <i class=\"edgtf-icon-font-awesome fab fa-linkedin edgtf-icon-element\"><\/i>                    <\/a>\n            <\/span>\n<\/span>\n\t\t\t\t\t\t\t\t\t\t\t\t\t\t\t\t\t<\/div>\n\t\t\t\t\t\t\t                            \t\t\t\t\t\t<\/div>\n\t\t\t\t\t<\/div>\n\t\t\t\t<\/div>\n\t\t\t<\/div>\n\n\t\t\t<\/div>\n<\/div>[\/vc_column][vc_column width=&#8221;1\/3&#8243; css=&#8221;.vc_custom_1592050510021{padding-right: 40px !important;}&#8221;]<div class=\"edgtf-team-holder edgtf-team-info-on-image\">\n\t<div class=\"edgtf-team-inner\">\n\t\t\t\t\t<div class=\"edgtf-team-image\">\n                <img loading=\"lazy\" decoding=\"async\" width=\"1707\" height=\"2560\" src=\"https:\/\/appmovie.it\/wp-content\/uploads\/2020\/07\/IMG_3274-1-scaled.jpg\" class=\"attachment-full size-full\" alt=\"\" srcset=\"https:\/\/appmovie.it\/wp-content\/uploads\/2020\/07\/IMG_3274-1-scaled.jpg 1707w, https:\/\/appmovie.it\/wp-content\/uploads\/2020\/07\/IMG_3274-1-200x300.jpg 200w, https:\/\/appmovie.it\/wp-content\/uploads\/2020\/07\/IMG_3274-1-683x1024.jpg 683w, https:\/\/appmovie.it\/wp-content\/uploads\/2020\/07\/IMG_3274-1-768x1152.jpg 768w, https:\/\/appmovie.it\/wp-content\/uploads\/2020\/07\/IMG_3274-1-1024x1536.jpg 1024w, https:\/\/appmovie.it\/wp-content\/uploads\/2020\/07\/IMG_3274-1-1366x2048.jpg 1366w\" sizes=\"auto, (max-width: 1707px) 100vw, 1707px\" \/>\t\t\t\t<div class=\"edgtf-team-social-wrapper\">\n\t\t\t\t\t<div class=\"edgtf-team-social-outer\">\n\t\t\t\t\t\t<div class=\"edgtf-team-social-inner\">\n                            \t\t\t\t\t\t\t\t\t\t\t\t\t\t\t<h3 class=\"edgtf-team-name\" >Riccardo Battistini<\/h3>\n\t\t\t\t\t\t\t\t\t\t\t\t\t\t                            \t\t\t\t\t\t\t\t\t\t\t\t\t\t\t<div class=\"edgtf-team-social-holder\">\n\t\t\t\t\t\t\t\t\t\t\t\t\t\t\t\t\t\t\t<span class=\"edgtf-team-icon\">    <span class=\"edgtf-icon-shortcode edgtf-normal   \">\n                    <a class=\"\" href=\"https:\/\/www.facebook.com\/riccardo.battistini.9\" target=\"_self\">\n                    <i class=\"edgtf-icon-font-awesome fab fa-facebook edgtf-icon-element\"><\/i>                    <\/a>\n            <\/span>\n<\/span>\n\t\t\t\t\t\t\t\t\t\t\t\t\t\t\t\t\t\t\t<span class=\"edgtf-team-icon\">    <span class=\"edgtf-icon-shortcode edgtf-normal   \">\n                    <a class=\"\" href=\"https:\/\/www.linkedin.com\/in\/riccardo-battistini-7b8351176\/\" target=\"_self\">\n                    <i class=\"edgtf-icon-font-awesome fab fa-linkedin edgtf-icon-element\"><\/i>                    <\/a>\n            <\/span>\n<\/span>\n\t\t\t\t\t\t\t\t\t\t\t\t\t\t\t\t\t<\/div>\n\t\t\t\t\t\t\t                            \t\t\t\t\t\t<\/div>\n\t\t\t\t\t<\/div>\n\t\t\t\t<\/div>\n\t\t\t<\/div>\n\n\t\t\t<\/div>\n<\/div>[\/vc_column][\/vc_row][vc_row css=&#8221;.vc_custom_1590940859829{padding-top: 0px !important;}&#8221; parallax_background_image=&#8221;1167&#8243; parallax_bg_speed=&#8221;0.3&#8243;][vc_column][vc_empty_space height=&#8221;50px&#8221;][vc_row_inner row_content_width=&#8221;grid&#8221; css=&#8221;.vc_custom_1570534053357{padding-bottom: 74px !important;}&#8221;][vc_column_inner]<div class=\"edgtf-elements-holder   edgtf-one-column  edgtf-responsive-mode-768 edgtf-one-column-alignment-center\" ><div class=\"edgtf-eh-item   edgtf-horizontal-alignment-center \"  data-item-class=\"edgtf-eh-custom-3365\" data-1400-1600=\"0 0 0 320px\" data-1025-1399=\"0 0 0 240px\" data-769-1024=\"0 0 0 0\" data-681-768=\"0 0 0 0\" data-680=\"0 0 0 0\">\n\t<div class=\"edgtf-eh-item-inner\">\n\t\t<div class=\"edgtf-eh-item-content edgtf-eh-custom-3365\" style=\"padding: 0 0 0 0px\">\n\t\t\t<div class=\"edgtf-iwt clearfix  edgtf-iwt-icon-left-from-title edgtf-iwt-icon-tiny\">\n\t<div class=\"edgtf-iwt-content\" >\n\t\t\t\t\t<p class=\"edgtf-iwt-title\" >\n\t\t\t\t\t\t\t\t\t<a itemprop=\"url\" href=\"mailto:info@appmovie.it\" target=\"_self\">\n\t\t\t\t\t\t\t\t\t<span class=\"edgtf-iwt-icon\">\n\t\t\t\t\t\t\t\t\t\t\t\t\t    <span class=\"edgtf-icon-shortcode edgtf-normal   edgtf-icon-tiny\"  >\n                    <span aria-hidden=\"true\" class=\"edgtf-icon-font-elegant icon_mail edgtf-icon-element\" style=\"font-size:20px\" ><\/span>            <\/span>\n\t\t\t\t\t\t\t\t\t\t\t<\/span>\n\t\t\t\t\t<span class=\"edgtf-iwt-title-text\">info@appmovie.it<\/span>\n\t\t\t\t\t\t\t\t\t<\/a>\n\t\t\t\t\t\t\t<\/p>\n\t\t\t\t\t<\/div>\n<\/div>[vc_empty_space height=&#8221;20px&#8221;]<div class=\"edgtf-iwt clearfix  edgtf-iwt-icon-left-from-title edgtf-iwt-icon-tiny\">\n\t<div class=\"edgtf-iwt-content\" >\n\t\t\t\t\t<p class=\"edgtf-iwt-title\" >\n\t\t\t\t\t\t\t\t\t<a itemprop=\"url\" href=\"tel:+390284240733\" target=\"_self\">\n\t\t\t\t\t\t\t\t\t<span class=\"edgtf-iwt-icon\">\n\t\t\t\t\t\t\t\t\t\t\t\t\t    <span class=\"edgtf-icon-shortcode edgtf-normal   edgtf-icon-tiny\"  >\n                    <span aria-hidden=\"true\" class=\"edgtf-icon-font-elegant icon_phone edgtf-icon-element\" style=\"font-size:20px\" ><\/span>            <\/span>\n\t\t\t\t\t\t\t\t\t\t\t<\/span>\n\t\t\t\t\t<span class=\"edgtf-iwt-title-text\">+39 02 8424 0733<\/span>\n\t\t\t\t\t\t\t\t\t<\/a>\n\t\t\t\t\t\t\t<\/p>\n\t\t\t\t\t<\/div>\n<\/div>[vc_empty_space height=&#8221;20px&#8221;]\t\t<\/div>\n\t<\/div>\n<\/div><\/div>[\/vc_column_inner][\/vc_row_inner][\/vc_column][\/vc_row]<\/p>","protected":false},"excerpt":{"rendered":"<p>[vc_row][vc_column][vc_empty_space height=&#8221;160px&#8221;][vc_column_text] Chi siamo. [\/vc_column_text][vc_row_inner row_content_width=&#8221;grid&#8221; css=&#8221;.vc_custom_1570534043489{padding-top: 100px !important;padding-bottom: 135px !important;}&#8221;][vc_column_inner][\/vc_column_inner][\/vc_row_inner][\/vc_column][\/vc_row][vc_row][vc_column][vc_empty_space height=&#8221;100px&#8221;][\/vc_column][\/vc_row][vc_row][vc_column][vc_column_text] Il team. [\/vc_column_text][vc_empty_space height=&#8221;50px&#8221;][\/vc_column][\/vc_row][vc_row full_width=&#8221;stretch_row_content&#8221;][vc_column width=&#8221;1\/3&#8243; css=&#8221;.vc_custom_1592047839104{padding-left: 40px !important;}&#8221;][\/vc_column][vc_column width=&#8221;1\/3&#8243;][\/vc_column][vc_column width=&#8221;1\/3&#8243; css=&#8221;.vc_custom_1592050510021{padding-right: 40px !important;}&#8221;][\/vc_column][\/vc_row][vc_row css=&#8221;.vc_custom_1590940859829{padding-top: 0px !important;}&#8221; parallax_background_image=&#8221;1167&#8243; parallax_bg_speed=&#8221;0.3&#8243;][vc_column][vc_empty_space height=&#8221;50px&#8221;][vc_row_inner row_content_width=&#8221;grid&#8221; css=&#8221;.vc_custom_1570534053357{padding-bottom: 74px !important;}&#8221;][vc_column_inner][\/vc_column_inner][\/vc_row_inner][\/vc_column][\/vc_row]<\/p>\n","protected":false},"author":1,"featured_media":0,"parent":0,"menu_order":0,"comment_status":"closed","ping_status":"closed","template":"full-width.php","meta":{"footnotes":""},"class_list":["post-2198","page","type-page","status-publish","hentry"],"_links":{"self":[{"href":"https:\/\/appmovie.it\/index.php\/wp-json\/wp\/v2\/pages\/2198","targetHints":{"allow":["GET"]}}],"collection":[{"href":"https:\/\/appmovie.it\/index.php\/wp-json\/wp\/v2\/pages"}],"about":[{"href":"https:\/\/appmovie.it\/index.php\/wp-json\/wp\/v2\/types\/page"}],"author":[{"embeddable":true,"href":"https:\/\/appmovie.it\/index.php\/wp-json\/wp\/v2\/users\/1"}],"replies":[{"embeddable":true,"href":"https:\/\/appmovie.it\/index.php\/wp-json\/wp\/v2\/comments?post=2198"}],"version-history":[{"count":70,"href":"https:\/\/appmovie.it\/index.php\/wp-json\/wp\/v2\/pages\/2198\/revisions"}],"predecessor-version":[{"id":3126,"href":"https:\/\/appmovie.it\/index.php\/wp-json\/wp\/v2\/pages\/2198\/revisions\/3126"}],"wp:attachment":[{"href":"https:\/\/appmovie.it\/index.php\/wp-json\/wp\/v2\/media?parent=2198"}],"curies":[{"name":"wp","href":"https:\/\/api.w.org\/{rel}","templated":true}]}}